{"id":43,"date":"2017-12-17T10:06:43","date_gmt":"2017-12-17T10:06:43","guid":{"rendered":"https:\/\/scjoya.com\/wordpress_r\/index.php\/about\/"},"modified":"2025-03-13T08:24:58","modified_gmt":"2025-03-13T08:24:58","slug":"about","status":"publish","type":"page","link":"https:\/\/scjoya.com\/wordpress_r\/?page_id=43","title":{"rendered":"Mon Parcours"},"content":{"rendered":"\t\t<div data-elementor-type=\"wp-post\" data-elementor-id=\"43\" class=\"elementor elementor-43\">\n\t\t\t\t\t\t<section class=\"elementor-section elementor-top-section elementor-element elementor-element-8c39fce elementor-section-content-middle elementor-section-boxed elementor-section-height-default elementor-section-height-default\" data-id=\"8c39fce\" data-element_type=\"section\" data-e-type=\"section\" data-settings=\"{&quot;background_background&quot;:&quot;classic&quot;}\">\n\t\t\t\t\t\t<div class=\"elementor-container elementor-column-gap-no\">\n\t\t\t\t\t<div class=\"elementor-column elementor-col-100 elementor-top-column elementor-element elementor-element-b1952b1\" data-id=\"b1952b1\" data-element_type=\"column\" data-e-type=\"column\">\n\t\t\t<div class=\"elementor-widget-wrap elementor-element-populated\">\n\t\t\t\t\t\t\t<\/div>\n\t\t<\/div>\n\t\t\t\t\t<\/div>\n\t\t<\/section>\n\t\t\t\t<section class=\"elementor-section elementor-top-section elementor-element elementor-element-6ea16bd elementor-section-boxed elementor-section-height-default elementor-section-height-default\" data-id=\"6ea16bd\" data-element_type=\"section\" data-e-type=\"section\">\n\t\t\t\t\t\t<div class=\"elementor-container elementor-column-gap-default\">\n\t\t\t\t\t<div class=\"elementor-column elementor-col-100 elementor-top-column elementor-element elementor-element-036bf18\" data-id=\"036bf18\" data-element_type=\"column\" data-e-type=\"column\">\n\t\t\t<div class=\"elementor-widget-wrap elementor-element-populated\">\n\t\t\t\t\t\t<div class=\"elementor-element elementor-element-7092696 e-transform elementor-widget elementor-widget-heading\" data-id=\"7092696\" data-element_type=\"widget\" data-e-type=\"widget\" data-settings=\"{&quot;_transform_translateX_effect&quot;:{&quot;unit&quot;:&quot;px&quot;,&quot;size&quot;:0,&quot;sizes&quot;:[]},&quot;_transform_translateX_effect_tablet&quot;:{&quot;unit&quot;:&quot;px&quot;,&quot;size&quot;:&quot;&quot;,&quot;sizes&quot;:[]},&quot;_transform_translateX_effect_mobile&quot;:{&quot;unit&quot;:&quot;px&quot;,&quot;size&quot;:&quot;&quot;,&quot;sizes&quot;:[]},&quot;_transform_translateY_effect&quot;:{&quot;unit&quot;:&quot;px&quot;,&quot;size&quot;:&quot;&quot;,&quot;sizes&quot;:[]},&quot;_transform_translateY_effect_tablet&quot;:{&quot;unit&quot;:&quot;px&quot;,&quot;size&quot;:&quot;&quot;,&quot;sizes&quot;:[]},&quot;_transform_translateY_effect_mobile&quot;:{&quot;unit&quot;:&quot;px&quot;,&quot;size&quot;:&quot;&quot;,&quot;sizes&quot;:[]}}\" data-widget_type=\"heading.default\">\n\t\t\t\t<div class=\"elementor-widget-container\">\n\t\t\t\t\t<h3 class=\"elementor-heading-title elementor-size-default\"><br><b>LE BIJOU : <br>\nUNE SCULPTURE A SOI<\/b><br><br><\/h3>\t\t\t\t<\/div>\n\t\t\t\t<\/div>\n\t\t\t\t\t<\/div>\n\t\t<\/div>\n\t\t\t\t\t<\/div>\n\t\t<\/section>\n\t\t\t\t<section class=\"elementor-section elementor-top-section elementor-element elementor-element-58f1c90 elementor-section-boxed elementor-section-height-default elementor-section-height-default\" data-id=\"58f1c90\" data-element_type=\"section\" data-e-type=\"section\">\n\t\t\t\t\t\t<div class=\"elementor-container elementor-column-gap-default\">\n\t\t\t\t\t<div class=\"elementor-column elementor-col-100 elementor-top-column elementor-element elementor-element-94ff0ed\" data-id=\"94ff0ed\" data-element_type=\"column\" data-e-type=\"column\">\n\t\t\t<div class=\"elementor-widget-wrap elementor-element-populated\">\n\t\t\t\t\t\t<div class=\"elementor-element elementor-element-23d485c elementor-widget elementor-widget-text-editor\" data-id=\"23d485c\" data-element_type=\"widget\" data-e-type=\"widget\" data-widget_type=\"text-editor.default\">\n\t\t\t\t<div class=\"elementor-widget-container\">\n\t\t\t\t\t\t\t\t\t<p>Le bijou est universel, mes voyages me l&rsquo;ont d\u00e9montr\u00e9 et c&rsquo;est sans doute en Inde que s&rsquo;est r\u00e9v\u00e9l\u00e9 mon d\u00e9sir de cr\u00e9er.<br \/>Dans ce pays, tout le monde porte des bijoux. Leur beaut\u00e9 est souvent surprenante, qu\u2019ils soient en or, en argent ou m\u00eame en cuivre, laiton ou bronze.<\/p><p>J\u2019ai longuement observ\u00e9 les artisans bijoutiers dans leurs ateliers, leur travail d\u00e9licat et minutieux, et les pierres, magnifiquement mises en valeur.<\/p><p><img fetchpriority=\"high\" decoding=\"async\" class=\"aligncenter wp-image-9083\" src=\"https:\/\/scjoya.com\/wordpress_r\/wp-content\/uploads\/2025\/03\/66055b63-bb36-4998-ad69-62311774edc5-768x1024.jpg\" alt=\"\" width=\"400\" height=\"533\" srcset=\"https:\/\/scjoya.com\/wordpress_r\/wp-content\/uploads\/2025\/03\/66055b63-bb36-4998-ad69-62311774edc5-768x1024.jpg 768w, https:\/\/scjoya.com\/wordpress_r\/wp-content\/uploads\/2025\/03\/66055b63-bb36-4998-ad69-62311774edc5-225x300.jpg 225w, https:\/\/scjoya.com\/wordpress_r\/wp-content\/uploads\/2025\/03\/66055b63-bb36-4998-ad69-62311774edc5-1152x1536.jpg 1152w, https:\/\/scjoya.com\/wordpress_r\/wp-content\/uploads\/2025\/03\/66055b63-bb36-4998-ad69-62311774edc5-600x800.jpg 600w, https:\/\/scjoya.com\/wordpress_r\/wp-content\/uploads\/2025\/03\/66055b63-bb36-4998-ad69-62311774edc5.jpg 1200w\" sizes=\"(max-width: 400px) 100vw, 400px\" \/><\/p><div style=\"text-align: center;\"><span style=\"font-family: var( --e-global-typography-text-font-family ), Sans-serif; font-size: 1rem; font-style: inherit;\">\u00a0 Sadhu \/Varanasi \/ Inde<\/span><\/div>\t\t\t\t\t\t\t\t<\/div>\n\t\t\t\t<\/div>\n\t\t\t\t\t<\/div>\n\t\t<\/div>\n\t\t\t\t\t<\/div>\n\t\t<\/section>\n\t\t\t\t<section class=\"elementor-section elementor-top-section elementor-element elementor-element-edde9af elementor-section-boxed elementor-section-height-default elementor-section-height-default\" data-id=\"edde9af\" data-element_type=\"section\" data-e-type=\"section\">\n\t\t\t\t\t\t<div class=\"elementor-container elementor-column-gap-default\">\n\t\t\t\t\t<div class=\"elementor-column elementor-col-100 elementor-top-column elementor-element elementor-element-fd5a13f\" data-id=\"fd5a13f\" data-element_type=\"column\" data-e-type=\"column\">\n\t\t\t<div class=\"elementor-widget-wrap elementor-element-populated\">\n\t\t\t\t\t\t<div class=\"elementor-element elementor-element-83243c5 elementor-widget elementor-widget-heading\" data-id=\"83243c5\" data-element_type=\"widget\" data-e-type=\"widget\" data-widget_type=\"heading.default\">\n\t\t\t\t<div class=\"elementor-widget-container\">\n\t\t\t\t\t<h3 class=\"elementor-heading-title elementor-size-default\"><br><b>MES CREATIONS<\/b><br><\/h3>\t\t\t\t<\/div>\n\t\t\t\t<\/div>\n\t\t\t\t\t<\/div>\n\t\t<\/div>\n\t\t\t\t\t<\/div>\n\t\t<\/section>\n\t\t\t\t<section class=\"elementor-section elementor-top-section elementor-element elementor-element-823a13d elementor-section-boxed elementor-section-height-default elementor-section-height-default\" data-id=\"823a13d\" data-element_type=\"section\" data-e-type=\"section\">\n\t\t\t\t\t\t<div class=\"elementor-container elementor-column-gap-default\">\n\t\t\t\t\t<div class=\"elementor-column elementor-col-100 elementor-top-column elementor-element elementor-element-e282322\" data-id=\"e282322\" data-element_type=\"column\" data-e-type=\"column\">\n\t\t\t<div class=\"elementor-widget-wrap elementor-element-populated\">\n\t\t\t\t\t\t<div class=\"elementor-element elementor-element-c78fc91 elementor-widget elementor-widget-text-editor\" data-id=\"c78fc91\" data-element_type=\"widget\" data-e-type=\"widget\" data-widget_type=\"text-editor.default\">\n\t\t\t\t<div class=\"elementor-widget-container\">\n\t\t\t\t\t\t\t\t\t<br>Elles sont toutes uniques, elles correspondent \u00e0 une inspiration, \u00e0 un d\u00e9sir de raconter une histoire, \u00e0 un moment.<br>\n\nJe travaille les mat\u00e9riaux bruts, je les scies, les forme, les soude.<br>\n\nJe construis et structure mes bijoux \u00e0 la main.<br>\n\nParfois, je pars des pierres et j\u2019imagine leur \u00e9crin, parfois je dessine, parfois je me laisse envahir par une force inconsciente, je laisse mes mains mener la danse&#8230; mais arrive un moment o\u00f9 la r\u00e9alit\u00e9 doit reprendre ses droits.\n<br><br>\nLes pierres, elles sont toutes merveilleuses.\nJ\u2019utilise aussi bien des pierres brutes, que des cabochons ou des pierres taill\u00e9es. Je les choisis minutieusement et je passe du temps \u00e0 les observer, \u00e0 cr\u00e9er un dialogue entre elles et moi. Leur couleur infinie, changeante suivant la lumi\u00e8re, leurs inclusions d\u00e9licates participant \u00e0 l\u2019\u00e9clat de leur beaut\u00e9, les gemmes me transportent dans un voyage int\u00e9rieur.\n<br><br><br><br>\t\t\t\t\t\t\t\t<\/div>\n\t\t\t\t<\/div>\n\t\t\t\t\t<\/div>\n\t\t<\/div>\n\t\t\t\t\t<\/div>\n\t\t<\/section>\n\t\t\t\t<\/div>\n\t\t","protected":false},"excerpt":{"rendered":"<p>LE BIJOU : UNE SCULPTURE A SOI Le bijou est universel, mes voyages me l&rsquo;ont d\u00e9montr\u00e9 et c&rsquo;est sans doute en Inde que s&rsquo;est r\u00e9v\u00e9l\u00e9 mon d\u00e9sir de cr\u00e9er.Dans ce pays, tout le monde porte des bijoux. Leur beaut\u00e9 est souvent surprenante, qu\u2019ils soient en or, en argent ou m\u00eame en cuivre, laiton ou bronze. &hellip;<\/p>\n<p class=\"read-more\"> <a class=\"\" href=\"https:\/\/scjoya.com\/wordpress_r\/?page_id=43\"> <span class=\"screen-reader-text\">Mon Parcours<\/span> Lire la suite\u00a0\u00bb<\/a><\/p>\n","protected":false},"author":1,"featured_media":0,"parent":0,"menu_order":0,"comment_status":"closed","ping_status":"closed","template":"","meta":{"site-sidebar-layout":"no-sidebar","site-content-layout":"page-builder","ast-global-header-display":"","ast-main-header-display":"","ast-hfb-above-header-display":"","ast-hfb-below-header-display":"","ast-hfb-mobile-header-display":"","site-post-title":"disabled","ast-breadcrumbs-content":"","ast-featured-img":"disabled","footer-sml-layout":"","theme-transparent-header-meta":"enabled","adv-header-id-meta":"","stick-header-meta":"","header-above-stick-meta":"","header-main-stick-meta":"","header-below-stick-meta":"","footnotes":""},"class_list":["post-43","page","type-page","status-publish","hentry"],"yoast_head":"<!-- This site is optimized with the Yoast SEO plugin v27.4 - https:\/\/yoast.com\/product\/yoast-seo-wordpress\/ -->\n<title>Mon Parcours - SC Joya<\/title>\n<meta name=\"robots\" content=\"index, follow, max-snippet:-1, max-image-preview:large, max-video-preview:-1\" \/>\n<link rel=\"canonical\" href=\"https:\/\/scjoya.com\/wordpress_r\/?page_id=43\" \/>\n<meta property=\"og:locale\" content=\"fr_FR\" \/>\n<meta property=\"og:type\" content=\"article\" \/>\n<meta property=\"og:title\" content=\"Mon Parcours - SC Joya\" \/>\n<meta property=\"og:description\" content=\"LE BIJOU : UNE SCULPTURE A SOI Le bijou est universel, mes voyages me l&rsquo;ont d\u00e9montr\u00e9 et c&rsquo;est sans doute en Inde que s&rsquo;est r\u00e9v\u00e9l\u00e9 mon d\u00e9sir de cr\u00e9er.Dans ce pays, tout le monde porte des bijoux. Leur beaut\u00e9 est souvent surprenante, qu\u2019ils soient en or, en argent ou m\u00eame en cuivre, laiton ou bronze. &hellip; Mon Parcours Lire la suite\u00a0\u00bb\" \/>\n<meta property=\"og:url\" content=\"https:\/\/scjoya.com\/wordpress_r\/?page_id=43\" \/>\n<meta property=\"og:site_name\" content=\"SC Joya\" \/>\n<meta property=\"article:modified_time\" content=\"2025-03-13T08:24:58+00:00\" \/>\n<meta property=\"og:image\" content=\"https:\/\/scjoya.com\/wordpress_r\/wp-content\/uploads\/2025\/03\/66055b63-bb36-4998-ad69-62311774edc5.jpg\" \/>\n\t<meta property=\"og:image:width\" content=\"1200\" \/>\n\t<meta property=\"og:image:height\" content=\"1600\" \/>\n\t<meta property=\"og:image:type\" content=\"image\/jpeg\" \/>\n<meta name=\"twitter:card\" content=\"summary_large_image\" \/>\n<meta name=\"twitter:label1\" content=\"Dur\u00e9e de lecture estim\u00e9e\" \/>\n\t<meta name=\"twitter:data1\" content=\"2 minutes\" \/>\n<script type=\"application\/ld+json\" class=\"yoast-schema-graph\">{\"@context\":\"https:\\\/\\\/schema.org\",\"@graph\":[{\"@type\":\"WebPage\",\"@id\":\"https:\\\/\\\/scjoya.com\\\/wordpress_r\\\/?page_id=43\",\"url\":\"https:\\\/\\\/scjoya.com\\\/wordpress_r\\\/?page_id=43\",\"name\":\"Mon Parcours - SC Joya\",\"isPartOf\":{\"@id\":\"https:\\\/\\\/scjoya.com\\\/wordpress_r\\\/#website\"},\"primaryImageOfPage\":{\"@id\":\"https:\\\/\\\/scjoya.com\\\/wordpress_r\\\/?page_id=43#primaryimage\"},\"image\":{\"@id\":\"https:\\\/\\\/scjoya.com\\\/wordpress_r\\\/?page_id=43#primaryimage\"},\"thumbnailUrl\":\"https:\\\/\\\/scjoya.com\\\/wordpress_r\\\/wp-content\\\/uploads\\\/2025\\\/03\\\/66055b63-bb36-4998-ad69-62311774edc5-768x1024.jpg\",\"datePublished\":\"2017-12-17T10:06:43+00:00\",\"dateModified\":\"2025-03-13T08:24:58+00:00\",\"breadcrumb\":{\"@id\":\"https:\\\/\\\/scjoya.com\\\/wordpress_r\\\/?page_id=43#breadcrumb\"},\"inLanguage\":\"fr-FR\",\"potentialAction\":[{\"@type\":\"ReadAction\",\"target\":[\"https:\\\/\\\/scjoya.com\\\/wordpress_r\\\/?page_id=43\"]}]},{\"@type\":\"ImageObject\",\"inLanguage\":\"fr-FR\",\"@id\":\"https:\\\/\\\/scjoya.com\\\/wordpress_r\\\/?page_id=43#primaryimage\",\"url\":\"https:\\\/\\\/scjoya.com\\\/wordpress_r\\\/wp-content\\\/uploads\\\/2025\\\/03\\\/66055b63-bb36-4998-ad69-62311774edc5.jpg\",\"contentUrl\":\"https:\\\/\\\/scjoya.com\\\/wordpress_r\\\/wp-content\\\/uploads\\\/2025\\\/03\\\/66055b63-bb36-4998-ad69-62311774edc5.jpg\",\"width\":1200,\"height\":1600},{\"@type\":\"BreadcrumbList\",\"@id\":\"https:\\\/\\\/scjoya.com\\\/wordpress_r\\\/?page_id=43#breadcrumb\",\"itemListElement\":[{\"@type\":\"ListItem\",\"position\":1,\"name\":\"Accueil\",\"item\":\"https:\\\/\\\/scjoya.com\\\/wordpress_r\\\/\"},{\"@type\":\"ListItem\",\"position\":2,\"name\":\"Mon Parcours\"}]},{\"@type\":\"WebSite\",\"@id\":\"https:\\\/\\\/scjoya.com\\\/wordpress_r\\\/#website\",\"url\":\"https:\\\/\\\/scjoya.com\\\/wordpress_r\\\/\",\"name\":\"SC Joya\",\"description\":\"cr\u00e9ateur de bijoux\",\"publisher\":{\"@id\":\"https:\\\/\\\/scjoya.com\\\/wordpress_r\\\/#organization\"},\"potentialAction\":[{\"@type\":\"SearchAction\",\"target\":{\"@type\":\"EntryPoint\",\"urlTemplate\":\"https:\\\/\\\/scjoya.com\\\/wordpress_r\\\/?s={search_term_string}\"},\"query-input\":{\"@type\":\"PropertyValueSpecification\",\"valueRequired\":true,\"valueName\":\"search_term_string\"}}],\"inLanguage\":\"fr-FR\"},{\"@type\":\"Organization\",\"@id\":\"https:\\\/\\\/scjoya.com\\\/wordpress_r\\\/#organization\",\"name\":\"scjoya\",\"url\":\"https:\\\/\\\/scjoya.com\\\/wordpress_r\\\/\",\"logo\":{\"@type\":\"ImageObject\",\"inLanguage\":\"fr-FR\",\"@id\":\"https:\\\/\\\/scjoya.com\\\/wordpress_r\\\/#\\\/schema\\\/logo\\\/image\\\/\",\"url\":\"https:\\\/\\\/scjoya.com\\\/wordpress_r\\\/wp-content\\\/uploads\\\/2021\\\/08\\\/logo.png\",\"contentUrl\":\"https:\\\/\\\/scjoya.com\\\/wordpress_r\\\/wp-content\\\/uploads\\\/2021\\\/08\\\/logo.png\",\"width\":122,\"height\":122,\"caption\":\"scjoya\"},\"image\":{\"@id\":\"https:\\\/\\\/scjoya.com\\\/wordpress_r\\\/#\\\/schema\\\/logo\\\/image\\\/\"}}]}<\/script>\n<!-- \/ Yoast SEO plugin. -->","yoast_head_json":{"title":"Mon Parcours - SC Joya","robots":{"index":"index","follow":"follow","max-snippet":"max-snippet:-1","max-image-preview":"max-image-preview:large","max-video-preview":"max-video-preview:-1"},"canonical":"https:\/\/scjoya.com\/wordpress_r\/?page_id=43","og_locale":"fr_FR","og_type":"article","og_title":"Mon Parcours - SC Joya","og_description":"LE BIJOU : UNE SCULPTURE A SOI Le bijou est universel, mes voyages me l&rsquo;ont d\u00e9montr\u00e9 et c&rsquo;est sans doute en Inde que s&rsquo;est r\u00e9v\u00e9l\u00e9 mon d\u00e9sir de cr\u00e9er.Dans ce pays, tout le monde porte des bijoux. Leur beaut\u00e9 est souvent surprenante, qu\u2019ils soient en or, en argent ou m\u00eame en cuivre, laiton ou bronze. &hellip; Mon Parcours Lire la suite\u00a0\u00bb","og_url":"https:\/\/scjoya.com\/wordpress_r\/?page_id=43","og_site_name":"SC Joya","article_modified_time":"2025-03-13T08:24:58+00:00","og_image":[{"width":1200,"height":1600,"url":"https:\/\/scjoya.com\/wordpress_r\/wp-content\/uploads\/2025\/03\/66055b63-bb36-4998-ad69-62311774edc5.jpg","type":"image\/jpeg"}],"twitter_card":"summary_large_image","twitter_misc":{"Dur\u00e9e de lecture estim\u00e9e":"2 minutes"},"schema":{"@context":"https:\/\/schema.org","@graph":[{"@type":"WebPage","@id":"https:\/\/scjoya.com\/wordpress_r\/?page_id=43","url":"https:\/\/scjoya.com\/wordpress_r\/?page_id=43","name":"Mon Parcours - SC Joya","isPartOf":{"@id":"https:\/\/scjoya.com\/wordpress_r\/#website"},"primaryImageOfPage":{"@id":"https:\/\/scjoya.com\/wordpress_r\/?page_id=43#primaryimage"},"image":{"@id":"https:\/\/scjoya.com\/wordpress_r\/?page_id=43#primaryimage"},"thumbnailUrl":"https:\/\/scjoya.com\/wordpress_r\/wp-content\/uploads\/2025\/03\/66055b63-bb36-4998-ad69-62311774edc5-768x1024.jpg","datePublished":"2017-12-17T10:06:43+00:00","dateModified":"2025-03-13T08:24:58+00:00","breadcrumb":{"@id":"https:\/\/scjoya.com\/wordpress_r\/?page_id=43#breadcrumb"},"inLanguage":"fr-FR","potentialAction":[{"@type":"ReadAction","target":["https:\/\/scjoya.com\/wordpress_r\/?page_id=43"]}]},{"@type":"ImageObject","inLanguage":"fr-FR","@id":"https:\/\/scjoya.com\/wordpress_r\/?page_id=43#primaryimage","url":"https:\/\/scjoya.com\/wordpress_r\/wp-content\/uploads\/2025\/03\/66055b63-bb36-4998-ad69-62311774edc5.jpg","contentUrl":"https:\/\/scjoya.com\/wordpress_r\/wp-content\/uploads\/2025\/03\/66055b63-bb36-4998-ad69-62311774edc5.jpg","width":1200,"height":1600},{"@type":"BreadcrumbList","@id":"https:\/\/scjoya.com\/wordpress_r\/?page_id=43#breadcrumb","itemListElement":[{"@type":"ListItem","position":1,"name":"Accueil","item":"https:\/\/scjoya.com\/wordpress_r\/"},{"@type":"ListItem","position":2,"name":"Mon Parcours"}]},{"@type":"WebSite","@id":"https:\/\/scjoya.com\/wordpress_r\/#website","url":"https:\/\/scjoya.com\/wordpress_r\/","name":"SC Joya","description":"cr\u00e9ateur de bijoux","publisher":{"@id":"https:\/\/scjoya.com\/wordpress_r\/#organization"},"potentialAction":[{"@type":"SearchAction","target":{"@type":"EntryPoint","urlTemplate":"https:\/\/scjoya.com\/wordpress_r\/?s={search_term_string}"},"query-input":{"@type":"PropertyValueSpecification","valueRequired":true,"valueName":"search_term_string"}}],"inLanguage":"fr-FR"},{"@type":"Organization","@id":"https:\/\/scjoya.com\/wordpress_r\/#organization","name":"scjoya","url":"https:\/\/scjoya.com\/wordpress_r\/","logo":{"@type":"ImageObject","inLanguage":"fr-FR","@id":"https:\/\/scjoya.com\/wordpress_r\/#\/schema\/logo\/image\/","url":"https:\/\/scjoya.com\/wordpress_r\/wp-content\/uploads\/2021\/08\/logo.png","contentUrl":"https:\/\/scjoya.com\/wordpress_r\/wp-content\/uploads\/2021\/08\/logo.png","width":122,"height":122,"caption":"scjoya"},"image":{"@id":"https:\/\/scjoya.com\/wordpress_r\/#\/schema\/logo\/image\/"}}]}},"_links":{"self":[{"href":"https:\/\/scjoya.com\/wordpress_r\/index.php?rest_route=\/wp\/v2\/pages\/43","targetHints":{"allow":["GET"]}}],"collection":[{"href":"https:\/\/scjoya.com\/wordpress_r\/index.php?rest_route=\/wp\/v2\/pages"}],"about":[{"href":"https:\/\/scjoya.com\/wordpress_r\/index.php?rest_route=\/wp\/v2\/types\/page"}],"author":[{"embeddable":true,"href":"https:\/\/scjoya.com\/wordpress_r\/index.php?rest_route=\/wp\/v2\/users\/1"}],"replies":[{"embeddable":true,"href":"https:\/\/scjoya.com\/wordpress_r\/index.php?rest_route=%2Fwp%2Fv2%2Fcomments&post=43"}],"version-history":[{"count":1457,"href":"https:\/\/scjoya.com\/wordpress_r\/index.php?rest_route=\/wp\/v2\/pages\/43\/revisions"}],"predecessor-version":[{"id":9089,"href":"https:\/\/scjoya.com\/wordpress_r\/index.php?rest_route=\/wp\/v2\/pages\/43\/revisions\/9089"}],"wp:attachment":[{"href":"https:\/\/scjoya.com\/wordpress_r\/index.php?rest_route=%2Fwp%2Fv2%2Fmedia&parent=43"}],"curies":[{"name":"wp","href":"https:\/\/api.w.org\/{rel}","templated":true}]}}